{"id":78,"date":"2017-12-12T11:24:21","date_gmt":"2017-12-12T15:24:21","guid":{"rendered":"http:\/\/ayuntamiento.guineo\/transparencia\/?page_id=78"},"modified":"2022-01-05T11:53:52","modified_gmt":"2022-01-05T15:53:52","slug":"definicion-oaim-oficina-de-acceso-a-la-informacion-municipal","status":"publish","type":"page","link":"https:\/\/ayuntamientolosllanos.gob.do\/transparencia\/definicion-oaim-oficina-de-acceso-a-la-informacion-municipal\/","title":{"rendered":"Definici\u00f3n OAIM (Oficina de Acceso a la Informaci\u00f3n Municipal)"},"content":{"rendered":"<p style=\"text-align: justify\"><span style=\"font-size: 10pt\">La Oficina de Acceso a la Informaci\u00f3n Municipal (OAIM), es un mandato de la Ley General de Libre Acceso a la Informaci\u00f3n P\u00fablica (LGLAIP) Ley 200-04 y el Decreto No. 130-05 que crea el reglamento de dicha ley.<\/span><\/p>\n<p style=\"text-align: justify\"><span style=\"font-size: 10pt\">As\u00ed tambi\u00e9n de la ley del Distrito Nacional y los Municipios No.176-07 cuando instituye que los Ayuntamientos establecer\u00e1n una Oficina de Acceso a la Informaci\u00f3n Municipal (OAIM) a trav\u00e9s de la cual canalizar\u00e1n toda la actividad relacionada con la publicidad de sus actuaciones y resoluciones o cualquiera otra informaci\u00f3n que obre en su poder, a fin de atender las peticiones que le dirijan los ciudadanos en el ejercicio de su derecho al libre acceso a la informaci\u00f3n publica. \u00a0Con el objetivo de apoyar a entidades y personas tanto p\u00fablicas como privadas mediante las informaciones solicitadas.<\/span><\/p>\n<p style=\"text-align: justify\"><span style=\"font-size: 10pt\">La OAIM \u00a0es representada por el RAI quien es el responsable de tramitar y facilitar las informaciones requeridas y de ser el canal de comunicaci\u00f3n entre el Cabildo y las\/os mun\u00edcipes. Ser\u00e1n personas con amplios y comprobables conocimientos sobre la estructura, organizaci\u00f3n, misi\u00f3n, visi\u00f3n, actividades, procesos, documentaci\u00f3n e informaci\u00f3n general de su instituci\u00f3n.<\/span><\/p>\n<p><span style=\"font-size: 14pt\"><strong>Misi\u00f3n:\u00a0<\/strong><\/span><\/p>\n<p style=\"text-align: justify\"><span style=\"font-size: 10pt\">Cumplir con el deber de garantizar el libre acceso a la informaci\u00f3n y la publicidad de los actos del Ayuntamiento promoviendo la transparencia de los actos de nuestra instituci\u00f3n. Ofreciendo un servicio permanente y actualizado facilitando as\u00ed el acceso a la informaci\u00f3n de la instituci\u00f3n.<\/span><\/p>\n<p><span style=\"font-size: 14pt\"><strong>Visi\u00f3n:<br \/>\n<\/strong><\/span><\/p>\n<p style=\"text-align: justify\"><span style=\"font-size: 10pt\">Mantener a disposici\u00f3n de los ciudadanos y ciudadanas todas las informaciones que son de car\u00e1cter p\u00fablico en virtud de la Ley 200-04, a los fines de contribuir con el fortalecimiento de la transparencia en la administraci\u00f3n de la instituci\u00f3n para beneficio de la sociedad en general.<\/span><\/p>\n<p>&nbsp;<\/p>\n<p>&nbsp;<\/p>\n<p>&nbsp;<\/p>\n<p>&nbsp;<\/p>\n","protected":false},"excerpt":{"rendered":"La Oficina de Acceso a la Informaci\u00f3n Municipal (OAIM), es un mandato de la Ley General de Libre Acceso a la Informaci\u00f3n P\u00fablica (LGLAIP) Ley 200-04 y el Decreto No. 130-05 que crea el reglamento de dicha ley. As\u00ed tambi\u00e9n de la ley del Distrito Nacional y los Municipios No.176-07 cuando instituye que los Ayuntamientos&#8230;","protected":false},"author":3,"featured_media":0,"parent":0,"menu_order":0,"comment_status":"closed","ping_status":"closed","template":"","meta":[],"_links":{"self":[{"href":"https:\/\/ayuntamientolosllanos.gob.do\/transparencia\/wp-json\/wp\/v2\/pages\/78"}],"collection":[{"href":"https:\/\/ayuntamientolosllanos.gob.do\/transparencia\/wp-json\/wp\/v2\/pages"}],"about":[{"href":"https:\/\/ayuntamientolosllanos.gob.do\/transparencia\/wp-json\/wp\/v2\/types\/page"}],"author":[{"embeddable":true,"href":"https:\/\/ayuntamientolosllanos.gob.do\/transparencia\/wp-json\/wp\/v2\/users\/3"}],"replies":[{"embeddable":true,"href":"https:\/\/ayuntamientolosllanos.gob.do\/transparencia\/wp-json\/wp\/v2\/comments?post=78"}],"version-history":[{"count":16,"href":"https:\/\/ayuntamientolosllanos.gob.do\/transparencia\/wp-json\/wp\/v2\/pages\/78\/revisions"}],"predecessor-version":[{"id":620,"href":"https:\/\/ayuntamientolosllanos.gob.do\/transparencia\/wp-json\/wp\/v2\/pages\/78\/revisions\/620"}],"wp:attachment":[{"href":"https:\/\/ayuntamientolosllanos.gob.do\/transparencia\/wp-json\/wp\/v2\/media?parent=78"}],"curies":[{"name":"wp","href":"https:\/\/api.w.org\/{rel}","templated":true}]}}